{"id":214,"date":"2020-07-12T18:04:22","date_gmt":"2020-07-12T18:04:22","guid":{"rendered":"https:\/\/nanthai.de\/?page_id=214"},"modified":"2024-02-09T19:18:49","modified_gmt":"2024-02-09T19:18:49","slug":"impressum","status":"publish","type":"page","link":"https:\/\/muenchen.jasmin-thaimassage.de\/?page_id=214","title":{"rendered":"Impressum"},"content":{"rendered":"\n<p>LAK THAI UG<br>Georgenstra\u00dfe 49<br>80799 M\u00fcnchen<\/p>\n\n\n\n<p><br><br><br>Telefon: +49 174 842 9999 <\/p>\n\n\n\n<p>+49 89 287 010 34<\/p>\n\n\n\n<p><\/p>\n\n\n\n<p><a href=\"mailto:info@prosolum.de\" data-type=\"mailto\">Mailkontakt<\/a><br>&nbsp;info@jasmin-thaimassage.de<\/p>\n\n\n\n<h1 class=\"wp-block-heading\">Anschrift<\/h1>\n\n\n\n<p><strong>Verwaltungsanschrift<\/strong><br><\/p>\n\n\n\n<p>LAK THAI UG ( haftungsbeschr\u00e4nkt )<br>Georgenstra\u00dfe 49<br>80799 M\u00fcnchen<\/p>\n\n\n\n<p>Sitz der Gesellschaft: M\u00fcnchen<br>Handelsregister: Amtsgericht M\u00fcnchen HRB 282920<\/p>\n\n\n\n<p>vertreten durch die Gesch\u00e4fsf\u00fchrerin<br>Saowalak Waidelich<\/p>\n\n\n\n<p><\/p>\n\n\n\n<p>Sitz der Gesellschaft: M\u00fcnchen<br><\/p>\n\n\n\n<p><\/p>\n","protected":false},"excerpt":{"rendered":"<p>LAK THAI UGGeorgenstra\u00dfe 4980799 M\u00fcnchen Telefon: +49 174 842 9999 +49 89 287 010 34 Mailkontakt&nbsp;info@jasmin-thaimassage.de Anschrift Verwaltungsanschrift LAK THAI UG ( haftungsbeschr\u00e4nkt )Georgenstra\u00dfe 4980799 M\u00fcnchen Sitz der Gesellschaft: M\u00fcnchenHandelsregister: Amtsgericht M\u00fcnchen HRB 282920 vertreten durch die Gesch\u00e4fsf\u00fchrerinSaowalak Waidelich Sitz der Gesellschaft: M\u00fcnchen<\/p>\n","protected":false},"author":1,"featured_media":0,"parent":0,"menu_order":0,"comment_status":"closed","ping_status":"closed","template":"","meta":{"_mi_skip_tracking":false,"_monsterinsights_sitenote_active":false,"_monsterinsights_sitenote_note":"","_monsterinsights_sitenote_category":0,"footnotes":""},"class_list":["post-214","page","type-page","status-publish","hentry"],"_links":{"self":[{"href":"https:\/\/muenchen.jasmin-thaimassage.de\/index.php?rest_route=\/wp\/v2\/pages\/214","targetHints":{"allow":["GET"]}}],"collection":[{"href":"https:\/\/muenchen.jasmin-thaimassage.de\/index.php?rest_route=\/wp\/v2\/pages"}],"about":[{"href":"https:\/\/muenchen.jasmin-thaimassage.de\/index.php?rest_route=\/wp\/v2\/types\/page"}],"author":[{"embeddable":true,"href":"https:\/\/muenchen.jasmin-thaimassage.de\/index.php?rest_route=\/wp\/v2\/users\/1"}],"replies":[{"embeddable":true,"href":"https:\/\/muenchen.jasmin-thaimassage.de\/index.php?rest_route=%2Fwp%2Fv2%2Fcomments&post=214"}],"version-history":[{"count":16,"href":"https:\/\/muenchen.jasmin-thaimassage.de\/index.php?rest_route=\/wp\/v2\/pages\/214\/revisions"}],"predecessor-version":[{"id":461,"href":"https:\/\/muenchen.jasmin-thaimassage.de\/index.php?rest_route=\/wp\/v2\/pages\/214\/revisions\/461"}],"wp:attachment":[{"href":"https:\/\/muenchen.jasmin-thaimassage.de\/index.php?rest_route=%2Fwp%2Fv2%2Fmedia&parent=214"}],"curies":[{"name":"wp","href":"https:\/\/api.w.org\/{rel}","templated":true}]}}